{"id":159,"date":"2024-04-12T19:48:35","date_gmt":"2024-04-12T17:48:35","guid":{"rendered":"https:\/\/ladoudouillette.fr\/?page_id=159"},"modified":"2024-04-12T19:50:42","modified_gmt":"2024-04-12T17:50:42","slug":"chalets-avec-piscine","status":"publish","type":"page","link":"https:\/\/ladoudouillette.fr\/index.php\/chalets-avec-piscine\/","title":{"rendered":"Chalets avec piscine"},"content":{"rendered":"\n<p>Venez d\u00e9couvrir nos chalets avec piscine \u00e0 Saint-Seine-Sur-Vingeanne <\/p>\n\n\n\n<figure class=\"wp-block-image size-large\"><img loading=\"lazy\" decoding=\"async\" width=\"1024\" height=\"768\" src=\"https:\/\/ladoudouillette.fr\/wp-content\/uploads\/2024\/04\/image-1024x768.png\" alt=\"\" class=\"wp-image-160\" srcset=\"https:\/\/ladoudouillette.fr\/wp-content\/uploads\/2024\/04\/image-1024x768.png 1024w, https:\/\/ladoudouillette.fr\/wp-content\/uploads\/2024\/04\/image-300x225.png 300w, https:\/\/ladoudouillette.fr\/wp-content\/uploads\/2024\/04\/image-768x576.png 768w, https:\/\/ladoudouillette.fr\/wp-content\/uploads\/2024\/04\/image.png 1440w\" sizes=\"auto, (max-width: 1024px) 100vw, 1024px\" \/><\/figure>\n\n\n\n<p>Profitez de ces chalets dans un cadre verdoyant.<br>Ce logement est situ\u00e9 entre le canal de bourgogne et la Vingeanne.<br>A proximit\u00e9 :<\/p>\n\n\n\n<ul class=\"wp-block-list\">\n<li>Ch\u00e2teau de fontaine fran\u00e7aise et sa ville (commerces, restaurant)<\/li>\n\n\n\n<li>Ville de Gray<\/li>\n\n\n\n<li>Grottes de B\u00e8ze<\/li>\n\n\n\n<li>Dijon (50 minutes), zenith, cit\u00e9 gastro<\/li>\n\n\n\n<li>Circuit de p\u00eache<\/li>\n\n\n\n<li>Une voie verte le long du canal<\/li>\n\n\n\n<li>Le ch\u00e2teau de la rosi\u00e8re (chasse aux tr\u00e9sors\/escape game)<br>Id\u00e9al pour les amateurs de nature dans un espace de plus de 4000M2 de verdure enti\u00e8rement clotur\u00e9.<\/li>\n<\/ul>\n\n\n\n<p>Plus d&rsquo;informations : <\/p>\n\n\n\n<p><a href=\"https:\/\/ladoudouillette.fr\">https:\/\/ladoudouillette.fr<\/a><\/p>\n\n\n\n<p><a href=\"https:\/\/airbnb.fr\/h\/ladoudouillette\">https:\/\/airbnb.fr\/h\/ladoudouillette<\/a><\/p>\n","protected":false},"excerpt":{"rendered":"<p>Venez d\u00e9couvrir nos chalets avec piscine \u00e0 Saint-Seine-Sur-Vingeanne Profitez de ces chalets dans un cadre verdoyant.Ce logement est situ\u00e9 entre le canal de bourgogne et la Vingeanne.A proximit\u00e9 : Plus d&rsquo;informations : https:\/\/ladoudouillette.fr https:\/\/airbnb.fr\/h\/ladoudouillette<\/p>\n","protected":false},"author":1,"featured_media":0,"parent":0,"menu_order":0,"comment_status":"closed","ping_status":"closed","template":"","meta":{"footnotes":""},"class_list":["post-159","page","type-page","status-publish","hentry"],"_links":{"self":[{"href":"https:\/\/ladoudouillette.fr\/index.php\/wp-json\/wp\/v2\/pages\/159","targetHints":{"allow":["GET"]}}],"collection":[{"href":"https:\/\/ladoudouillette.fr\/index.php\/wp-json\/wp\/v2\/pages"}],"about":[{"href":"https:\/\/ladoudouillette.fr\/index.php\/wp-json\/wp\/v2\/types\/page"}],"author":[{"embeddable":true,"href":"https:\/\/ladoudouillette.fr\/index.php\/wp-json\/wp\/v2\/users\/1"}],"replies":[{"embeddable":true,"href":"https:\/\/ladoudouillette.fr\/index.php\/wp-json\/wp\/v2\/comments?post=159"}],"version-history":[{"count":2,"href":"https:\/\/ladoudouillette.fr\/index.php\/wp-json\/wp\/v2\/pages\/159\/revisions"}],"predecessor-version":[{"id":163,"href":"https:\/\/ladoudouillette.fr\/index.php\/wp-json\/wp\/v2\/pages\/159\/revisions\/163"}],"wp:attachment":[{"href":"https:\/\/ladoudouillette.fr\/index.php\/wp-json\/wp\/v2\/media?parent=159"}],"curies":[{"name":"wp","href":"https:\/\/api.w.org\/{rel}","templated":true}]}}